{"id":444,"date":"2014-03-03T21:58:43","date_gmt":"2014-03-03T20:58:43","guid":{"rendered":"http:\/\/ctahuy.be\/fr\/?page_id=444"},"modified":"2024-03-14T09:18:14","modified_gmt":"2024-03-14T08:18:14","slug":"contact-acces","status":"publish","type":"page","link":"https:\/\/ctahuy.be\/fr\/contact-acces\/","title":{"rendered":"Contact"},"content":{"rendered":"<div id=\"pl-444\"  class=\"panel-layout\" ><div id=\"pg-444-0\"  class=\"panel-grid panel-no-style\" ><div id=\"pgc-444-0-0\"  class=\"panel-grid-cell panel-grid-cell-empty\" ><\/div><\/div><div id=\"pg-444-1\"  class=\"panel-grid panel-no-style\" ><div id=\"pgc-444-1-0\"  class=\"panel-grid-cell\" ><div id=\"panel-444-1-0-0\" class=\"so-panel widget widget_black-studio-tinymce widget_black_studio_tinymce panel-first-child panel-last-child\" data-index=\"0\" ><h3 class=\"widget-title\"><h2><\/h2><\/h3><div class=\"textwidget\"><p><iframe style=\"border: 0;\" src=\"https:\/\/www.google.com\/maps\/embed?pb=!1m14!1m8!1m3!1d10146.67916323928!2d5.2425552!3d50.5217106!3m2!1i1024!2i768!4f13.1!3m3!1m2!1s0x0%3A0xc9f3a49c7f01edbd!2sComptoir+Technique+D'Assurances!5e0!3m2!1sfr!2sbe!4v1539703731488\" width=\"100%\" height=\"400\" frameborder=\"0\" allowfullscreen=\"allowfullscreen\"><\/iframe><\/p>\n<\/div><\/div><\/div><div id=\"pgc-444-1-1\"  class=\"panel-grid-cell\" ><div id=\"panel-444-1-1-0\" class=\"so-panel widget widget_black-studio-tinymce widget_black_studio_tinymce panel-first-child panel-last-child\" data-index=\"1\" ><h3 class=\"widget-title\"><h2><\/h2><\/h3><div class=\"textwidget\"><h2>CTA Huy - Comptoir Technique d'Assurances \u00e0 Huy<\/h2>\n<p>\u00a0<\/p>\n<p>Besoin d'un conseil ou d'un renseignement sur nos services en assurances? Contactez notre bureau.<\/p>\n<p>\u00a0<\/p>\n<p><strong>Adresse<\/strong> : Rue des Augustins 45 - 4500 Huy<br \/> <strong>T\u00e9l\u00e9phone<\/strong>\u00a0: +32\u00a085\/ 21.21.74<br \/> <strong>Fax :<\/strong> +32 85\/23.53.28<br \/> <strong>Email<\/strong> : \u00a0<a href=\"mailto:info@ctahuy.be\" target=\"_blank\">info@ctahuy.be<\/a><\/p>\n<p>\u00a0<\/p>\n<\/div><\/div><\/div><\/div><\/div>","protected":false},"excerpt":{"rendered":"<p>CTA Huy &#8211; Comptoir Technique d&#8217;Assurances \u00e0 Huy\u00a0Besoin d&#8217;un conseil ou d&#8217;un renseignement sur nos services en assurances? Contactez notre [&hellip;]<\/p>\n","protected":false},"author":1,"featured_media":0,"parent":0,"menu_order":0,"comment_status":"open","ping_status":"open","template":"page-no-sidebar.php","meta":[],"yoast_head":"<!-- This site is optimized with the Yoast SEO plugin v15.2 - https:\/\/yoast.com\/wordpress\/plugins\/seo\/ -->\n<meta name=\"description\" content=\"Notre bureau d&#039;assurances \u00e0 Huy vous conseille sur les formules d&#039;assurances pour particuliers et ind\u00e9pendants ainsi que sur les cr\u00e9dits et placements.\" \/>\n<meta name=\"robots\" content=\"index, follow, max-snippet:-1, max-image-preview:large, max-video-preview:-1\" \/>\n<link rel=\"canonical\" href=\"https:\/\/ctahuy.be\/fr\/contact-acces\/\" \/>\n<meta property=\"og:locale\" content=\"fr_FR\" \/>\n<meta property=\"og:type\" content=\"article\" \/>\n<meta property=\"og:title\" content=\"Prenez contact avec votre bureau d&#039;assurances \u00e0 Huy\" \/>\n<meta property=\"og:description\" content=\"Notre bureau d&#039;assurances \u00e0 Huy vous conseille sur les formules d&#039;assurances pour particuliers et ind\u00e9pendants ainsi que sur les cr\u00e9dits et placements.\" \/>\n<meta property=\"og:url\" content=\"https:\/\/ctahuy.be\/fr\/contact-acces\/\" \/>\n<meta property=\"og:site_name\" content=\"CTA Huy\" \/>\n<meta property=\"article:modified_time\" content=\"2024-03-14T08:18:14+00:00\" \/>\n<meta name=\"twitter:label1\" value=\"\u00c9crit par\">\n\t<meta name=\"twitter:data1\" value=\"Admin\">\n\t<meta name=\"twitter:label2\" value=\"Dur\u00e9e de lecture est.\">\n\t<meta name=\"twitter:data2\" value=\"0 minute\">\n<script type=\"application\/ld+json\" class=\"yoast-schema-graph\">{\"@context\":\"https:\/\/schema.org\",\"@graph\":[{\"@type\":\"Organization\",\"@id\":\"https:\/\/ctahuy.be\/fr\/#organization\",\"name\":\"CTA Huy\",\"url\":\"https:\/\/ctahuy.be\/fr\/\",\"sameAs\":[],\"logo\":{\"@type\":\"ImageObject\",\"@id\":\"https:\/\/ctahuy.be\/fr\/#logo\",\"inLanguage\":\"fr-FR\",\"url\":\"https:\/\/ctahuy.be\/fr\/wp-content\/uploads\/2014\/09\/logoctahuy2.png\",\"width\":221,\"height\":67,\"caption\":\"CTA Huy\"},\"image\":{\"@id\":\"https:\/\/ctahuy.be\/fr\/#logo\"}},{\"@type\":\"WebSite\",\"@id\":\"https:\/\/ctahuy.be\/fr\/#website\",\"url\":\"https:\/\/ctahuy.be\/fr\/\",\"name\":\"CTA Huy\",\"description\":\"Comptoir technique d&#039;assurances \\u00e0 Huy\",\"publisher\":{\"@id\":\"https:\/\/ctahuy.be\/fr\/#organization\"},\"potentialAction\":[{\"@type\":\"SearchAction\",\"target\":\"https:\/\/ctahuy.be\/fr\/?s={search_term_string}\",\"query-input\":\"required name=search_term_string\"}],\"inLanguage\":\"fr-FR\"},{\"@type\":\"WebPage\",\"@id\":\"https:\/\/ctahuy.be\/fr\/contact-acces\/#webpage\",\"url\":\"https:\/\/ctahuy.be\/fr\/contact-acces\/\",\"name\":\"Prenez contact avec votre bureau d'assurances \\u00e0 Huy\",\"isPartOf\":{\"@id\":\"https:\/\/ctahuy.be\/fr\/#website\"},\"datePublished\":\"2014-03-03T20:58:43+00:00\",\"dateModified\":\"2024-03-14T08:18:14+00:00\",\"description\":\"Notre bureau d'assurances \\u00e0 Huy vous conseille sur les formules d'assurances pour particuliers et ind\\u00e9pendants ainsi que sur les cr\\u00e9dits et placements.\",\"inLanguage\":\"fr-FR\",\"potentialAction\":[{\"@type\":\"ReadAction\",\"target\":[\"https:\/\/ctahuy.be\/fr\/contact-acces\/\"]}]}]}<\/script>\n<!-- \/ Yoast SEO plugin. -->","_links":{"self":[{"href":"https:\/\/ctahuy.be\/fr\/wp-json\/wp\/v2\/pages\/444"}],"collection":[{"href":"https:\/\/ctahuy.be\/fr\/wp-json\/wp\/v2\/pages"}],"about":[{"href":"https:\/\/ctahuy.be\/fr\/wp-json\/wp\/v2\/types\/page"}],"author":[{"embeddable":true,"href":"https:\/\/ctahuy.be\/fr\/wp-json\/wp\/v2\/users\/1"}],"replies":[{"embeddable":true,"href":"https:\/\/ctahuy.be\/fr\/wp-json\/wp\/v2\/comments?post=444"}],"version-history":[{"count":17,"href":"https:\/\/ctahuy.be\/fr\/wp-json\/wp\/v2\/pages\/444\/revisions"}],"predecessor-version":[{"id":566,"href":"https:\/\/ctahuy.be\/fr\/wp-json\/wp\/v2\/pages\/444\/revisions\/566"}],"wp:attachment":[{"href":"https:\/\/ctahuy.be\/fr\/wp-json\/wp\/v2\/media?parent=444"}],"curies":[{"name":"wp","href":"https:\/\/api.w.org\/{rel}","templated":true}]}}