{"id":446,"date":"2014-03-03T21:59:45","date_gmt":"2014-03-03T20:59:45","guid":{"rendered":"http:\/\/ctahuy.be\/fr\/?page_id=446"},"modified":"2018-10-16T16:27:33","modified_gmt":"2018-10-16T15:27:33","slug":"documents","status":"publish","type":"page","link":"https:\/\/ctahuy.be\/fr\/documents\/","title":{"rendered":"Documents"},"content":{"rendered":"<div id=\"pl-446\"  class=\"panel-layout\" ><div id=\"pg-446-0\"  class=\"panel-grid panel-no-style\" ><div id=\"pgc-446-0-0\"  class=\"panel-grid-cell\" ><div id=\"panel-446-0-0-0\" class=\"so-panel widget widget_black-studio-tinymce widget_black_studio_tinymce panel-first-child panel-last-child\" data-index=\"0\" ><h3 class=\"widget-title\"><h2><span class=\"light\">Constats<\/span> \u00e0 l&#8217;amiable<\/h2><\/h3><div class=\"textwidget\"><p><a href=\"http:\/\/ctahuy.be\/fr\/wp-content\/uploads\/2014\/03\/4183417.pdf\" target=\"_blank\">Constat<\/a><\/p>\n<\/div><\/div><\/div><\/div><div id=\"pg-446-1\"  class=\"panel-grid panel-no-style\" ><div id=\"pgc-446-1-0\"  class=\"panel-grid-cell\" ><div id=\"panel-446-1-0-0\" class=\"so-panel widget widget_black-studio-tinymce widget_black_studio_tinymce panel-first-child panel-last-child\" data-index=\"1\" ><h3 class=\"widget-title\"><h2><span class=\"light\">Conditions<\/span> g\u00e9n\u00e9rales<\/h2><\/h3><div class=\"textwidget\"><p><img class=\"alignnone wp-image-756 size-full\" src=\"http:\/\/ctahuy.be\/fr\/wp-content\/uploads\/2015\/01\/axa.png\" alt=\"axa\" width=\"200\" height=\"100\" \/><\/p>\n<p><span class=\"ff1 fs20\"><br \/> <a class=\"imCssLink\" href=\"https:\/\/web.wcc.axa.be\/wcc\/SiteCollectionDocuments\/auto_4185560_10_2013_fr.pdf\" target=\"_blank\">Confort Auto<\/a><\/span><span class=\"ff1 fs20\"><br \/> <a class=\"imCssLink\" href=\"https:\/\/web.wcc.axa.be\/wcc\/SiteCollectionDocuments\/home_4183790_12_2013_fr.pdf\" target=\"_blank\">Confort Habitation<\/a><\/span><span class=\"ff1 fs20\"><br \/> <a class=\"imCssLink\" href=\"http:\/\/www.axa.be\/pdfs\/verz\/priveeleven_4183784_11_2008_fr.pdf\" target=\"_blank\">Confort Vie Priv\u00e9e<\/a><\/span><span class=\"ff1 fs20\"><br \/> <a class=\"imCssLink\" href=\"https:\/\/www.fe.axa.be\/xnp\/epro\/public\/FileServer?filename=4800129042005.pdf&amp;target=sw\" target=\"_blank\">Assurance Solde Restant D\u00fb<\/a><br \/> <a class=\"imCssLink\" href=\"https:\/\/web.wcc.axa.be\/wcc2\/SiteCollectionDocuments\/daylife-protect-cg-fr.pdf\" target=\"_blank\">Daylife Protect<\/a><br \/> <a class=\"imCssLink\" href=\"https:\/\/web.wcc.axa.be\/wcc2\/SiteCollectionDocuments\/regl_happyfamily_fr.pdf\" target=\"_blank\">Happy Family<\/a><\/span><\/p>\n<p>\u00a0<\/p>\n<p>\u00a0<\/p>\n<p><img class=\"alignnone size-full wp-image-751\" src=\"http:\/\/ctahuy.be\/fr\/wp-content\/uploads\/2015\/01\/aga.png\" alt=\"aga\" width=\"200\" height=\"100\" \/><\/p>\n<p><a class=\"imCssLink\" href=\"http:\/\/www.portalpack.aginsurance.be\/sites\/IBP2\/SiteCollectionDocuments\/BrokerDocuments\/00792000400F.pdf\" target=\"_blank\">RC Auto<\/a><span class=\"ff1 fs20\"><br \/> <a class=\"imCssLink\" href=\"http:\/\/bureauvermeylen.be\/images\/stories\/CG_Top_Vhicule.pdf\" target=\"_blank\">Top V\u00e9hicule<\/a><\/span><span class=\"ff1 fs20\"><br \/> <a class=\"imCssLink\" href=\"http:\/\/www.portalpack.aginsurance.be\/sites\/IBP2\/SiteCollectionDocuments\/BrokerDocuments\/00792186400F.pdf\" target=\"_blank\">Top Conducteur<\/a><\/span><span class=\"ff1 fs20\"><br \/> <a class=\"imCssLink\" href=\"http:\/\/www.portalpack.aginsurance.be\/sites\/IBP2\/SiteCollectionDocuments\/BrokerDocuments\/00792000700F.pdf\" target=\"_blank\">Top Habitation\u00a0<\/a><\/span><span class=\"ff1 fs20\"><br \/> <a class=\"imCssLink\" href=\"http:\/\/www.portalpack.aginsurance.be\/sites\/IBP2\/SiteCollectionDocuments\/BrokerDocuments\/00792002700F.pdf\" target=\"_blank\">Top Familiale<\/a><br \/> <a class=\"imCssLink\" href=\"http:\/\/www.portalpack.aginsurance.be\/sites\/IBP2\/SiteCollectionDocuments\/BrokerDocuments\/00792269700F.pdf\" target=\"_blank\">Top Assistance<\/a><\/span><span class=\"ff1 fs20\"><br \/> <a class=\"imCssLink\" href=\"http:\/\/www.portalpack.aginsurance.be\/sites\/IBP2\/SiteCollectionDocuments\/BrokerDocuments\/00792207900F.pdf\">AG Care Hospitalisation\u00a0<\/a><\/span><span class=\"ff1 fs20\"><br \/> <a class=\"imCssLink\" href=\"http:\/\/www.portalpack.aginsurance.be\/sites\/IBP2\/SiteCollectionDocuments\/BrokerDocuments\/00792277500F.pdf\" target=\"_blank\">Familis<\/a><\/span><\/p>\n<p>\u00a0<\/p>\n<p>\u00a0<\/p>\n<p><span class=\"ff1 fs20\"><img class=\"alignnone size-full wp-image-752\" src=\"http:\/\/ctahuy.be\/fr\/wp-content\/uploads\/2015\/01\/allianz.png\" alt=\"allianz\" width=\"200\" height=\"100\" \/><br \/> <a class=\"imCssLink\" href=\"http:\/\/www.allianz.be\/allianz\/in\/fr\/CarPlan-AD1048FR-06-08.pdf\" target=\"_blank\">Car Plan\u00a0<\/a><\/span><span class=\"ff1 fs20\"><br \/> <a class=\"imCssLink\" href=\"http:\/\/www.allianz.be\/allianz\/in\/fr\/AD1038FR.pdf\" target=\"_blank\">Home Plan\u00a0<\/a><\/span><span class=\"ff1 fs20\"><br \/> <a class=\"imCssLink\" href=\"http:\/\/www.allianz.be\/allianz\/in\/fr\/familyPlanResponsabiliteCivileFamilialeAD1086FR_032014ConditionsGenerales.pdf\" target=\"_blank\">Family Plan\u00a0<\/a><\/span><\/p>\n<p>\u00a0<\/p>\n<p>\u00a0<\/p>\n<p><img class=\"alignnone size-full wp-image-767\" src=\"http:\/\/ctahuy.be\/fr\/wp-content\/uploads\/2015\/01\/touring.png\" alt=\"touring\" width=\"200\" height=\"100\" \/><\/p>\n<p><a href=\"http:\/\/ctahuy.be\/fr\/wp-content\/uploads\/2014\/03\/Conditions-g\u00e9n\u00e9rales-police-annuelle-personnes-et-v\u00e9hicule.pdf\" target=\"_blank\">Annuelle personnes et v\u00e9hicule<\/a><br \/> <a href=\"http:\/\/ctahuy.be\/fr\/wp-content\/uploads\/2014\/03\/Conditions-g\u00e9n\u00e9rales-No-Stop.pdf\" target=\"_blank\">No Stop<\/a><\/p>\n<p>\u00a0<\/p>\n<p>\u00a0<\/p>\n<p><a href=\"http:\/\/ctahuy.be\/fr\/wp-content\/uploads\/2015\/01\/ardprev.png\"><img class=\"alignnone size-full wp-image-755\" src=\"http:\/\/ctahuy.be\/fr\/wp-content\/uploads\/2015\/01\/ardprev.png\" alt=\"ardprev\" width=\"200\" height=\"100\" \/><\/a><\/p>\n<p><a href=\"http:\/\/ctahuy.be\/fr\/wp-content\/uploads\/2014\/03\/incendie-ardenne.pdf\" target=\"_blank\">Incendie<\/a><br \/> <a href=\"http:\/\/ctahuy.be\/fr\/wp-content\/uploads\/2014\/03\/cd-auto-ardenne.pdf\" target=\"_blank\">Auto<\/a><br \/> <a href=\"http:\/\/ctahuy.be\/fr\/wp-content\/uploads\/2014\/03\/rc-priv-ardenne.pdf\" target=\"_blank\">RC Vie Priv\u00e9e\u00a0<\/a><\/p>\n<p>\u00a0<\/p>\n<\/div><\/div><\/div><div id=\"pgc-446-1-1\"  class=\"panel-grid-cell\" ><div id=\"panel-446-1-1-0\" class=\"so-panel widget widget_black-studio-tinymce widget_black_studio_tinymce panel-first-child panel-last-child\" data-index=\"2\" ><h3 class=\"widget-title\"><h2><span class=\"light\">Conditions<\/span> g\u00e9n\u00e9rales<\/h2><\/h3><div class=\"textwidget\"><p><img class=\"alignnone size-full wp-image-768\" src=\"http:\/\/ctahuy.be\/fr\/wp-content\/uploads\/2015\/01\/vivium.png\" alt=\"vivium\" width=\"200\" height=\"100\" \/><\/p>\n<p><a class=\"imCssLink\" href=\"http:\/\/www.vivium.be\/documents\/184115\/377599\/algvwd_auto_frpdf1_1295623404.pdf\/8551748d-7a9e-4b4d-b26f-6e4925171369\" target=\"_blank\">Vivium Auto<\/a><br \/> <a class=\"imCssLink\" href=\"http:\/\/www.vivium.be\/documents\/184115\/377601\/INC0101_CG_102007.pdf\/5595d2c4-68bd-42a8-8d52-22d952335871\" target=\"_blank\">Home Solutions\u00a0<\/a><br \/> <a class=\"imCssLink\" href=\"http:\/\/www.vivium.be\/documents\/184115\/377601\/FaH_1546_CG_032010.pdf\/294dc4a6-fada-44de-bd23-f052c97a6ca4\" target=\"_blank\">Feel at Home<\/a><br \/> <a class=\"imCssLink\" href=\"http:\/\/www.vivium.be\/documents\/184115\/377609\/VIV551_CG_052009.pdf\/56deebd0-1421-41a1-a728-98dcb2d4d3a8\" target=\"_blank\">Vivium Rc Vie Priv\u00e9e<\/a><\/p>\n<p>\u00a0<\/p>\n<p><img class=\"alignnone size-full wp-image-761\" src=\"http:\/\/ctahuy.be\/fr\/wp-content\/uploads\/2015\/01\/dkv.png\" alt=\"dkv\" width=\"200\" height=\"100\" \/><\/p>\n<p><a class=\"imCssLink\" href=\"http:\/\/www.dkv.be\/pdfbib.ashx?lang=fr&amp;id=11901.pdf\" target=\"_blank\">Conditions g\u00e9n\u00e9rales<\/a><\/p>\n<p>\u00a0<\/p>\n<p><img class=\"alignnone size-full wp-image-763\" src=\"http:\/\/ctahuy.be\/fr\/wp-content\/uploads\/2015\/01\/europas.png\" alt=\"europas\" width=\"200\" height=\"100\" \/><\/p>\n<p><a class=\"imCssLink\" href=\"http:\/\/www.europ-assistance.be\/upload\/files\/products\/cg\/contratannuel_fr.pdf\" target=\"_blank\">Contrat Annuel et Annuel Plus<\/a><br \/> <a class=\"imCssLink\" href=\"http:\/\/www.europ-assistance.be\/upload\/files\/products\/cg\/ContratPrestige_FR.pdf\" target=\"_blank\">Contrat Prestige<\/a><br \/> <a class=\"imCssLink\" href=\"http:\/\/www.europ-assistance.be\/upload\/files\/products\/cg\/annuel_nogo_fr.pdf\" target=\"_blank\">Contrat Annuel No Go<\/a><br \/> <a class=\"imCssLink\" href=\"http:\/\/www.europ-assistance.be\/upload\/files\/products\/cg\/cg_temporaire_fr_avril_2009.pdf\" target=\"_blank\">Contrat Temporaire &amp; Temporaire Snow<\/a><\/p>\n<p>\u00a0<\/p>\n<p><img class=\"alignnone size-full wp-image-758\" src=\"http:\/\/ctahuy.be\/fr\/wp-content\/uploads\/2015\/01\/das.png\" alt=\"das\" width=\"200\" height=\"100\" \/><\/p>\n<p><a class=\"imCssLink\" href=\"http:\/\/www.das.be\/C12575670042A839\/0\/3A67E1AD7A90655FC1257B8E00345F7C\/$file\/F5002%20%5BV2.0%5D%20WEBFILE%20COND%20V%C3%A9hicules.pdf\" target=\"_blank\">All Risk Vehicules<\/a><br \/> <a class=\"imCssLink\" href=\"http:\/\/www.das.be\/C12575670042A839\/0\/3A67E1AD7A90655FC1257B8E00345F7C\/$file\/F5001%20%5BV2.0%5D%20WEBFILE%20COND%20Vie%20Priv%C3%A9e.pdf\" target=\"_blank\">Protection Juridique Vie Priv\u00e9e<\/a><br \/> <a class=\"imCssLink\" href=\"http:\/\/www.das.be\/C12575670042A839\/0\/3A67E1AD7A90655FC1257B8E00345F7C\/$file\/F5016%20%5BV2.0%5D%20WEBFILE%20COND%20police%20consommateur.pdf\" target=\"_blank\">Protection Juridique Consommateur<\/a><br \/> <a class=\"imCssLink\" href=\"http:\/\/www.das.be\/C12575670042A839\/0\/3A67E1AD7A90655FC1257B8E00345F7C\/$file\/F5144%20%5BV2.0%5D%20WEBFILE%20COND%20%C3%89conomique.pdf\" target=\"_blank\">Protection Juridique Economique<\/a><br \/> <a class=\"imCssLink\" href=\"http:\/\/www.das.be\/C12575670042A839\/0\/3A67E1AD7A90655FC1257B8E00345F7C\/$file\/F5011%20%5BV2.0%5D%20WEBFILE%20COND%20Conflits.pdf\" target=\"_blank\">Protection Juridique All Risk Conflits<\/a><\/p>\n<p>\u00a0<\/p>\n<p><img class=\"alignnone size-full wp-image-765\" src=\"http:\/\/ctahuy.be\/fr\/wp-content\/uploads\/2015\/01\/generali.png\" alt=\"generali\" width=\"200\" height=\"100\" \/><\/p>\n<p><a href=\"http:\/\/ctahuy.be\/fr\/wp-content\/uploads\/2014\/03\/GE2833_ED0115-auto.pdf\" target=\"_blank\">Auto<\/a><br \/> <a href=\"http:\/\/ctahuy.be\/fr\/wp-content\/uploads\/2014\/03\/GE2826_ED1113-incendie.pdf\" target=\"_blank\">Genihome Global<\/a><\/p>\n<\/div><\/div><\/div><\/div><\/div>","protected":false},"excerpt":{"rendered":"<p>Constat Confort Auto Confort Habitation Confort Vie Priv\u00e9e Assurance Solde Restant D\u00fb Daylife Protect Happy Family\u00a0\u00a0RC Auto Top V\u00e9hicule Top [&hellip;]<\/p>\n","protected":false},"author":1,"featured_media":0,"parent":0,"menu_order":0,"comment_status":"open","ping_status":"open","template":"services-page.php","meta":[],"yoast_head":"<!-- This site is optimized with the Yoast SEO plugin v15.2 - https:\/\/yoast.com\/wordpress\/plugins\/seo\/ -->\n<meta name=\"description\" content=\"A la recherche de documents informatifs ou de constats concernant votre compagnie d&#039;assurances? Retrouvez tous ces documents sur le site de CTA Huy.\" \/>\n<meta name=\"robots\" content=\"index, follow, max-snippet:-1, max-image-preview:large, max-video-preview:-1\" \/>\n<link rel=\"canonical\" href=\"https:\/\/ctahuy.be\/fr\/documents\/\" \/>\n<meta property=\"og:locale\" content=\"fr_FR\" \/>\n<meta property=\"og:type\" content=\"article\" \/>\n<meta property=\"og:title\" content=\"Documents et conditions de nos partenaires en assurances\" \/>\n<meta property=\"og:description\" content=\"A la recherche de documents informatifs ou de constats concernant votre compagnie d&#039;assurances? Retrouvez tous ces documents sur le site de CTA Huy.\" \/>\n<meta property=\"og:url\" content=\"https:\/\/ctahuy.be\/fr\/documents\/\" \/>\n<meta property=\"og:site_name\" content=\"CTA Huy\" \/>\n<meta property=\"article:modified_time\" content=\"2018-10-16T15:27:33+00:00\" \/>\n<meta property=\"og:image\" content=\"http:\/\/ctahuy.be\/fr\/wp-content\/uploads\/2015\/01\/axa.png\" \/>\n<meta name=\"twitter:label1\" value=\"\u00c9crit par\">\n\t<meta name=\"twitter:data1\" value=\"Admin\">\n\t<meta name=\"twitter:label2\" value=\"Dur\u00e9e de lecture est.\">\n\t<meta name=\"twitter:data2\" value=\"1 minute\">\n<script type=\"application\/ld+json\" class=\"yoast-schema-graph\">{\"@context\":\"https:\/\/schema.org\",\"@graph\":[{\"@type\":\"Organization\",\"@id\":\"https:\/\/ctahuy.be\/fr\/#organization\",\"name\":\"CTA Huy\",\"url\":\"https:\/\/ctahuy.be\/fr\/\",\"sameAs\":[],\"logo\":{\"@type\":\"ImageObject\",\"@id\":\"https:\/\/ctahuy.be\/fr\/#logo\",\"inLanguage\":\"fr-FR\",\"url\":\"https:\/\/ctahuy.be\/fr\/wp-content\/uploads\/2014\/09\/logoctahuy2.png\",\"width\":221,\"height\":67,\"caption\":\"CTA Huy\"},\"image\":{\"@id\":\"https:\/\/ctahuy.be\/fr\/#logo\"}},{\"@type\":\"WebSite\",\"@id\":\"https:\/\/ctahuy.be\/fr\/#website\",\"url\":\"https:\/\/ctahuy.be\/fr\/\",\"name\":\"CTA Huy\",\"description\":\"Comptoir technique d&#039;assurances \\u00e0 Huy\",\"publisher\":{\"@id\":\"https:\/\/ctahuy.be\/fr\/#organization\"},\"potentialAction\":[{\"@type\":\"SearchAction\",\"target\":\"https:\/\/ctahuy.be\/fr\/?s={search_term_string}\",\"query-input\":\"required name=search_term_string\"}],\"inLanguage\":\"fr-FR\"},{\"@type\":\"ImageObject\",\"@id\":\"https:\/\/ctahuy.be\/fr\/documents\/#primaryimage\",\"inLanguage\":\"fr-FR\",\"url\":\"http:\/\/ctahuy.be\/fr\/wp-content\/uploads\/2015\/01\/axa.png\"},{\"@type\":\"WebPage\",\"@id\":\"https:\/\/ctahuy.be\/fr\/documents\/#webpage\",\"url\":\"https:\/\/ctahuy.be\/fr\/documents\/\",\"name\":\"Documents et conditions de nos partenaires en assurances\",\"isPartOf\":{\"@id\":\"https:\/\/ctahuy.be\/fr\/#website\"},\"primaryImageOfPage\":{\"@id\":\"https:\/\/ctahuy.be\/fr\/documents\/#primaryimage\"},\"datePublished\":\"2014-03-03T20:59:45+00:00\",\"dateModified\":\"2018-10-16T15:27:33+00:00\",\"description\":\"A la recherche de documents informatifs ou de constats concernant votre compagnie d'assurances? Retrouvez tous ces documents sur le site de CTA Huy.\",\"inLanguage\":\"fr-FR\",\"potentialAction\":[{\"@type\":\"ReadAction\",\"target\":[\"https:\/\/ctahuy.be\/fr\/documents\/\"]}]}]}<\/script>\n<!-- \/ Yoast SEO plugin. -->","_links":{"self":[{"href":"https:\/\/ctahuy.be\/fr\/wp-json\/wp\/v2\/pages\/446"}],"collection":[{"href":"https:\/\/ctahuy.be\/fr\/wp-json\/wp\/v2\/pages"}],"about":[{"href":"https:\/\/ctahuy.be\/fr\/wp-json\/wp\/v2\/types\/page"}],"author":[{"embeddable":true,"href":"https:\/\/ctahuy.be\/fr\/wp-json\/wp\/v2\/users\/1"}],"replies":[{"embeddable":true,"href":"https:\/\/ctahuy.be\/fr\/wp-json\/wp\/v2\/comments?post=446"}],"version-history":[{"count":28,"href":"https:\/\/ctahuy.be\/fr\/wp-json\/wp\/v2\/pages\/446\/revisions"}],"predecessor-version":[{"id":1050,"href":"https:\/\/ctahuy.be\/fr\/wp-json\/wp\/v2\/pages\/446\/revisions\/1050"}],"wp:attachment":[{"href":"https:\/\/ctahuy.be\/fr\/wp-json\/wp\/v2\/media?parent=446"}],"curies":[{"name":"wp","href":"https:\/\/api.w.org\/{rel}","templated":true}]}}