{"id":480,"date":"2014-03-10T22:05:51","date_gmt":"2014-03-10T21:05:51","guid":{"rendered":"http:\/\/ctahuy.be\/fr\/?page_id=480"},"modified":"2015-02-13T10:59:46","modified_gmt":"2015-02-13T09:59:46","slug":"vehicule","status":"publish","type":"page","link":"https:\/\/ctahuy.be\/fr\/assurances\/independant\/vehicule\/","title":{"rendered":"Auto"},"content":{"rendered":"<p><strong>Assurance auto<\/strong><\/p>\n<div><\/div>\n<p><strong><em>Assurance obligatoire<\/em><\/strong><\/p>\n<div><\/div>\n<p>L\u2019assurance auto Responsabilit\u00e9 Civile (R.C.) est une assurance obligatoire. Celle-ci vous couvre si vous cr\u00e9ez un dommage mat\u00e9riel ou physique \u00e0 autrui avec votre v\u00e9hicule. Il est donc important d\u2019\u00eatre bien couvert car le montant des indemnit\u00e9s li\u00e9es \u00e0 un sinistre auto\u00a0peuvent s&#8217;av\u00e9rer \u00eatre une grosse charge pour vous ou votre entreprise.<\/p>\n<p>&nbsp;<\/p>\n<p>Les compagnies sur le march\u00e9 sont nombreuses et leurs tarifs et couvertures \u00a0sensiblement diff\u00e9rents. Il n\u2019est par cons\u00e9quent jamais ais\u00e9 de trouver le produit r\u00e9pondant \u00e0 vos attentes. Gr\u00e2ce aux compagnies que nous comptons parmi nos partenaires, nous pouvons comparer tous ces produits au quotidien pour mieux vous conseiller.<\/p>\n<p>&nbsp;<\/p>\n<p>Il est possible, pour les ind\u00e9pendants ou les soci\u00e9t\u00e9s qui disposent de plusieurs v\u00e9hicules, de n\u00e9gocier des primes plus attractives.<\/p>\n<div><\/div>\n<div><\/div>\n<p><strong><em>Assurances compl\u00e9mentaires<\/em><\/strong><\/p>\n<div><\/div>\n<p>\u2013 Protection juridique : elle\u00a0est presque toujours incluse dans votre contrat d\u2019assurance auto. Cette garantie couvre les frais des honoraires d\u2019avocat afin de vous d\u00e9fendre en cas de d\u00e9saccord lors d\u2019un accident, intervient pour r\u00e9cup\u00e9rer vos d\u00e9bours avec un v\u00e9hicule assur\u00e9 \u00e0 l\u2019\u00e9tranger \u2026<\/p>\n<div><\/div>\n<p>Attention : Pour une d\u00e9fense lors de litiges contractuels ( existence d\u2019un contrat et d\u2019un vendeur) il existe une formule de P.J. plus large au niveau des garanties.<\/p>\n<p>Exemple : Litige avec votre garagiste\u2026<\/p>\n<div><\/div>\n<p>\u2013 Petite Omnium : cette garantie couvre les dommages \u00e0 votre v\u00e9hicule suite \u00e0 un vol, un incendie, un heurt de gibier, un bris de vitre, un d\u00e9g\u00e2t d\u00fb \u00e0 la force de la nature. Il n\u2019y a jamais de franchise dans ces garanties.<\/p>\n<div><\/div>\n<p>\u2013 Omnium compl\u00e8te : cette garantie couvre toutes les garanties de la petite Omnium et y inclu \u00e9galement tous les \u00a0autres dommages \u00e0 votre v\u00e9hicule. Il existe plusieurs formules d\u2019indemnisation avec diff\u00e9rents types de franchises qui influencent le montant de la prime. Il faut \u00e9galement savoir que plus la valeur du v\u00e9hicule est \u00e9lev\u00e9e\u00a0la prime sera \u00e9lev\u00e9e.<\/p>\n<div><\/div>\n<p>Attention :\u00a0Nous conseillons toujours la souscription de cette garantie tant que le v\u00e9hicule fait l\u2019objet d\u2019un financement.<\/p>\n<div><\/div>\n<p>\u2013 Assistance : cette garantie vous couvre en cas de panne ou accident. Cela comprend\u00a0le remorquage de votre v\u00e9hicule dans le garage de votre choix et la mise \u00e0 disposition d\u2019un v\u00e9hicule de remplacement. La prime d\u00e9pendra de l\u2019\u00e2ge du v\u00e9hicule. Il est impossible de b\u00e9n\u00e9ficier de cette assistance pour un v\u00e9hicule de plus de 10 ans.<\/p>\n<div><\/div>\n<p>\u2013 Assurance conducteur : il faut savoir que lors d\u2019un accident avec des bless\u00e9s la compagnie du conducteur RESPONSABLE indemnise TOUS les bless\u00e9s SAUF le conducteur responsable. Cette garantie permet de vous couvrir si vous \u00eates bless\u00e9 lors d\u2019un accident de la route en tort.<\/p>\n<div><\/div>\n<div>\n<p>Pour une\u00a0analyse de vos contrats, n&#8217;h\u00e9sitez pas \u00e0 nous contacter ou \u00e0 remplir le <a href=\"http:\/\/ctahuy.be\/fr\/assurances\/independant\/vehicule\/quelle-assurance-auto-choisir\/\">formulaire suivant<\/a>. Nous\u00a0reviendrons vers vous dans les plus brefs d\u00e9lais.<\/p>\n<p>&nbsp;<\/p>\n<p style=\"text-align: center;\"><a class=\"btn  btn-warning\" href=\"http:\/\/ctahuy.be\/fr\/assurances\/independant\/vehicule\/quelle-assurance-auto-choisir\/\">Formulaire assurance auto<\/a>\u00a0\u00a0<a class=\"btn  btn-warning\" style=\"text-align: center; line-height: 1.5;\" href=\"http:\/\/ctahuy.be\/fr\/assurances\/independant\/\">Retour<\/a><\/p>\n<\/div>\n","protected":false},"excerpt":{"rendered":"<p>Assurance auto Assurance obligatoire L\u2019assurance auto Responsabilit\u00e9 Civile (R.C.) est une assurance obligatoire. Celle-ci vous couvre si vous cr\u00e9ez un [&hellip;]<\/p>\n","protected":false},"author":1,"featured_media":0,"parent":527,"menu_order":0,"comment_status":"open","ping_status":"open","template":"services-page.php","meta":[],"yoast_head":"<!-- This site is optimized with the Yoast SEO plugin v15.2 - https:\/\/yoast.com\/wordpress\/plugins\/seo\/ -->\n<meta name=\"robots\" content=\"index, follow, max-snippet:-1, max-image-preview:large, max-video-preview:-1\" \/>\n<link rel=\"canonical\" href=\"https:\/\/ctahuy.be\/fr\/assurances\/independant\/vehicule\/\" \/>\n<meta property=\"og:locale\" content=\"fr_FR\" \/>\n<meta property=\"og:type\" content=\"article\" \/>\n<meta property=\"og:title\" content=\"Auto - CTA Huy - Assureur Huy Li\u00e8ge Waremme\" \/>\n<meta property=\"og:description\" content=\"Assurance auto Assurance obligatoire L\u2019assurance auto Responsabilit\u00e9 Civile (R.C.) est une assurance obligatoire. Celle-ci vous couvre si vous cr\u00e9ez un [&hellip;]\" \/>\n<meta property=\"og:url\" content=\"https:\/\/ctahuy.be\/fr\/assurances\/independant\/vehicule\/\" \/>\n<meta property=\"og:site_name\" content=\"CTA Huy\" \/>\n<meta property=\"article:modified_time\" content=\"2015-02-13T09:59:46+00:00\" \/>\n<meta name=\"twitter:label1\" value=\"\u00c9crit par\">\n\t<meta name=\"twitter:data1\" value=\"Admin\">\n\t<meta name=\"twitter:label2\" value=\"Dur\u00e9e de lecture est.\">\n\t<meta name=\"twitter:data2\" value=\"2 minutes\">\n<script type=\"application\/ld+json\" class=\"yoast-schema-graph\">{\"@context\":\"https:\/\/schema.org\",\"@graph\":[{\"@type\":\"Organization\",\"@id\":\"https:\/\/ctahuy.be\/fr\/#organization\",\"name\":\"CTA Huy\",\"url\":\"https:\/\/ctahuy.be\/fr\/\",\"sameAs\":[],\"logo\":{\"@type\":\"ImageObject\",\"@id\":\"https:\/\/ctahuy.be\/fr\/#logo\",\"inLanguage\":\"fr-FR\",\"url\":\"https:\/\/ctahuy.be\/fr\/wp-content\/uploads\/2014\/09\/logoctahuy2.png\",\"width\":221,\"height\":67,\"caption\":\"CTA Huy\"},\"image\":{\"@id\":\"https:\/\/ctahuy.be\/fr\/#logo\"}},{\"@type\":\"WebSite\",\"@id\":\"https:\/\/ctahuy.be\/fr\/#website\",\"url\":\"https:\/\/ctahuy.be\/fr\/\",\"name\":\"CTA Huy\",\"description\":\"Comptoir technique d&#039;assurances \\u00e0 Huy\",\"publisher\":{\"@id\":\"https:\/\/ctahuy.be\/fr\/#organization\"},\"potentialAction\":[{\"@type\":\"SearchAction\",\"target\":\"https:\/\/ctahuy.be\/fr\/?s={search_term_string}\",\"query-input\":\"required name=search_term_string\"}],\"inLanguage\":\"fr-FR\"},{\"@type\":\"WebPage\",\"@id\":\"https:\/\/ctahuy.be\/fr\/assurances\/independant\/vehicule\/#webpage\",\"url\":\"https:\/\/ctahuy.be\/fr\/assurances\/independant\/vehicule\/\",\"name\":\"Auto - CTA Huy - Assureur Huy Li\\u00e8ge Waremme\",\"isPartOf\":{\"@id\":\"https:\/\/ctahuy.be\/fr\/#website\"},\"datePublished\":\"2014-03-10T21:05:51+00:00\",\"dateModified\":\"2015-02-13T09:59:46+00:00\",\"inLanguage\":\"fr-FR\",\"potentialAction\":[{\"@type\":\"ReadAction\",\"target\":[\"https:\/\/ctahuy.be\/fr\/assurances\/independant\/vehicule\/\"]}]}]}<\/script>\n<!-- \/ Yoast SEO plugin. -->","_links":{"self":[{"href":"https:\/\/ctahuy.be\/fr\/wp-json\/wp\/v2\/pages\/480"}],"collection":[{"href":"https:\/\/ctahuy.be\/fr\/wp-json\/wp\/v2\/pages"}],"about":[{"href":"https:\/\/ctahuy.be\/fr\/wp-json\/wp\/v2\/types\/page"}],"author":[{"embeddable":true,"href":"https:\/\/ctahuy.be\/fr\/wp-json\/wp\/v2\/users\/1"}],"replies":[{"embeddable":true,"href":"https:\/\/ctahuy.be\/fr\/wp-json\/wp\/v2\/comments?post=480"}],"version-history":[{"count":14,"href":"https:\/\/ctahuy.be\/fr\/wp-json\/wp\/v2\/pages\/480\/revisions"}],"predecessor-version":[{"id":1025,"href":"https:\/\/ctahuy.be\/fr\/wp-json\/wp\/v2\/pages\/480\/revisions\/1025"}],"up":[{"embeddable":true,"href":"https:\/\/ctahuy.be\/fr\/wp-json\/wp\/v2\/pages\/527"}],"wp:attachment":[{"href":"https:\/\/ctahuy.be\/fr\/wp-json\/wp\/v2\/media?parent=480"}],"curies":[{"name":"wp","href":"https:\/\/api.w.org\/{rel}","templated":true}]}}