{"id":572,"date":"2014-09-30T13:38:52","date_gmt":"2014-09-30T12:38:52","guid":{"rendered":"http:\/\/ctahuy.be\/fr\/?page_id=572"},"modified":"2015-02-15T23:02:20","modified_gmt":"2015-02-15T22:02:20","slug":"auto","status":"publish","type":"page","link":"https:\/\/ctahuy.be\/fr\/assurances\/particulier\/auto\/","title":{"rendered":"Auto"},"content":{"rendered":"<h1>Assurance auto<\/h1>\n<h2>Assurance obligatoire<\/h2>\n<p>L&#8217;assurance auto Responsabilit\u00e9 Civile (R.C.) est une assurance obligatoire. Celle-ci vous couvre si vous cr\u00e9ez un dommage mat\u00e9riel ou physique \u00e0 autrui avec votre v\u00e9hicule. Il est donc important d\u2019\u00eatre bien couvert car le montant des indemnit\u00e9s li\u00e9es \u00e0 un sinistre auto s&#8217;av\u00e8re souvent \u00e9lev\u00e9.<\/p>\n<p>Les compagnies sur le march\u00e9 sont nombreuses et leurs tarifs et couvertures \u00a0sensiblement diff\u00e9rents. Il n&#8217;est par cons\u00e9quent jamais ais\u00e9 de trouver le produit r\u00e9pondant \u00e0 vos attentes. Gr\u00e2ce aux compagnies que nous comptons parmis nos partenaires, nous pouvons comparer tous ces produits au quotidien pour mieux vous conseiller.<\/p>\n<p>&nbsp;<\/p>\n<h2>Assurances compl\u00e9mentaires<\/h2>\n<p>&nbsp;<\/p>\n<p><strong>Protection juridique<\/strong> : elle\u00a0est presque toujours incluse dans votre contrat d&#8217;assurance auto. Cette garantie couvre les frais d&#8217;honoraires d\u2019avocat afin de vous d\u00e9fendre en cas de d\u00e9saccord lors d&#8217;un accident, elle intervient aussi pour r\u00e9cup\u00e9rer vos d\u00e9bours avec un v\u00e9hicule assur\u00e9 \u00e0 l&#8217;\u00e9tranger &#8230;<\/p>\n<p>Attention : Pour une d\u00e9fense lors de litiges contractuels ( existence d&#8217;un contrat et d&#8217;un vendeur) il existe une formule de P.J. plus large au niveau des garanties.<\/p>\n<p>Exemple : Litige avec votre garagiste&#8230;<\/p>\n<p>&nbsp;<\/p>\n<p><strong>Petite Omnium<\/strong> : cette garantie couvre les dommages \u00e0 votre v\u00e9hicule suite \u00e0 un vol, un incendie, un heurt de gibier, un bris de vitre, un d\u00e9g\u00e2t d\u00fb \u00e0 la force de la nature. Il n&#8217;y a jamais de franchise dans ces garanties.<\/p>\n<p>&nbsp;<\/p>\n<p><strong>Omnium compl\u00e8te<\/strong> : cette garantie couvre toutes les garanties de la petite Omnium et y inclus \u00e9galement tous les \u00a0autres dommages \u00e0 votre v\u00e9hicule caus\u00e9 par un tiers ou vous m\u00eame. Il existe plusieurs formules d&#8217;indemnisation avec diff\u00e9rents types de franchises qui influencent le montant de la prime.\u00a0Il faut savoir\u00a0que plus la valeur d&#8217;achat du v\u00e9hicule est importante, plus le montant de la prime sera \u00e9lev\u00e9.<\/p>\n<p>&nbsp;<\/p>\n<p><strong>Assistance<\/strong> : cette garantie vous couvre en cas de panne ou accident. Cela comprend\u00a0le remorquage de votre v\u00e9hicule dans le garage de votre choix et la mise \u00e0 disposition d&#8217;un v\u00e9hicule de remplacement. La prime d\u00e9pendra de l&#8217;\u00e2ge du v\u00e9hicule. Il est impossible de b\u00e9n\u00e9ficier de cette assistance pour un v\u00e9hicule de plus de 10 ans.<\/p>\n<p>&nbsp;<\/p>\n<p><strong>Assurance conducteur<\/strong> : il faut savoir que lors d&#8217;un accident avec des bless\u00e9s la compagnie du conducteur RESPONSABLE indemnise TOUS les bless\u00e9s SAUF le conducteur responsable. Cette garantie permet de vous couvrir si vous \u00eates bless\u00e9 lors d&#8217;un accident de la route en tort.<\/p>\n<p>&nbsp;<\/p>\n<p>Pour une\u00a0analyse de vos contrats, n&#8217;h\u00e9sitez pas \u00e0 nous contacter ou \u00e0 remplir le <a href=\"http:\/\/ctahuy.be\/fr\/assurances\/independant\/vehicule\/quelle-assurance-auto-choisir\/\">formulaire suivant<\/a>. Nous\u00a0reviendrons vers vous dans les plus brefs d\u00e9lais.<\/p>\n<p>&nbsp;<\/p>\n<p style=\"text-align: center;\"><a class=\"btn  btn-warning\" href=\"http:\/\/ctahuy.be\/fr\/assurances\/independant\/vehicule\/quelle-assurance-auto-choisir\/\">Formulaire assurance auto<\/a> <a class=\"btn  btn-warning\" href=\"http:\/\/ctahuy.be\/fr\/assurances\/particulier\/\">Retour<\/a><\/p>\n","protected":false},"excerpt":{"rendered":"<p>Assurance auto Assurance obligatoire L&#8217;assurance auto Responsabilit\u00e9 Civile (R.C.) est une assurance obligatoire. Celle-ci vous couvre si vous cr\u00e9ez un [&hellip;]<\/p>\n","protected":false},"author":1,"featured_media":0,"parent":525,"menu_order":0,"comment_status":"closed","ping_status":"open","template":"services-page.php","meta":[],"yoast_head":"<!-- This site is optimized with the Yoast SEO plugin v15.2 - https:\/\/yoast.com\/wordpress\/plugins\/seo\/ -->\n<meta name=\"description\" content=\"Choisissez l&#039;assurance auto qui vous convient selon votre age et kilom\u00e9trage annuel. Nous vous proposons la RC, petite omnium, omnium compl\u00e8te et assistance\" \/>\n<meta name=\"robots\" content=\"index, follow, max-snippet:-1, max-image-preview:large, max-video-preview:-1\" \/>\n<link rel=\"canonical\" href=\"https:\/\/ctahuy.be\/fr\/assurances\/particulier\/auto\/\" \/>\n<meta property=\"og:locale\" content=\"fr_FR\" \/>\n<meta property=\"og:type\" content=\"article\" \/>\n<meta property=\"og:title\" content=\"Assurance auto, omnium, assistance pour particuliers \u00e0 Huy\" \/>\n<meta property=\"og:description\" content=\"Choisissez l&#039;assurance auto qui vous convient selon votre age et kilom\u00e9trage annuel. Nous vous proposons la RC, petite omnium, omnium compl\u00e8te et assistance\" \/>\n<meta property=\"og:url\" content=\"https:\/\/ctahuy.be\/fr\/assurances\/particulier\/auto\/\" \/>\n<meta property=\"og:site_name\" content=\"CTA Huy\" \/>\n<meta property=\"article:modified_time\" content=\"2015-02-15T22:02:20+00:00\" \/>\n<meta name=\"twitter:label1\" value=\"\u00c9crit par\">\n\t<meta name=\"twitter:data1\" value=\"Admin\">\n\t<meta name=\"twitter:label2\" value=\"Dur\u00e9e de lecture est.\">\n\t<meta name=\"twitter:data2\" value=\"2 minutes\">\n<script type=\"application\/ld+json\" class=\"yoast-schema-graph\">{\"@context\":\"https:\/\/schema.org\",\"@graph\":[{\"@type\":\"Organization\",\"@id\":\"https:\/\/ctahuy.be\/fr\/#organization\",\"name\":\"CTA Huy\",\"url\":\"https:\/\/ctahuy.be\/fr\/\",\"sameAs\":[],\"logo\":{\"@type\":\"ImageObject\",\"@id\":\"https:\/\/ctahuy.be\/fr\/#logo\",\"inLanguage\":\"fr-FR\",\"url\":\"https:\/\/ctahuy.be\/fr\/wp-content\/uploads\/2014\/09\/logoctahuy2.png\",\"width\":221,\"height\":67,\"caption\":\"CTA Huy\"},\"image\":{\"@id\":\"https:\/\/ctahuy.be\/fr\/#logo\"}},{\"@type\":\"WebSite\",\"@id\":\"https:\/\/ctahuy.be\/fr\/#website\",\"url\":\"https:\/\/ctahuy.be\/fr\/\",\"name\":\"CTA Huy\",\"description\":\"Comptoir technique d&#039;assurances \\u00e0 Huy\",\"publisher\":{\"@id\":\"https:\/\/ctahuy.be\/fr\/#organization\"},\"potentialAction\":[{\"@type\":\"SearchAction\",\"target\":\"https:\/\/ctahuy.be\/fr\/?s={search_term_string}\",\"query-input\":\"required name=search_term_string\"}],\"inLanguage\":\"fr-FR\"},{\"@type\":\"WebPage\",\"@id\":\"https:\/\/ctahuy.be\/fr\/assurances\/particulier\/auto\/#webpage\",\"url\":\"https:\/\/ctahuy.be\/fr\/assurances\/particulier\/auto\/\",\"name\":\"Assurance auto, omnium, assistance pour particuliers \\u00e0 Huy\",\"isPartOf\":{\"@id\":\"https:\/\/ctahuy.be\/fr\/#website\"},\"datePublished\":\"2014-09-30T12:38:52+00:00\",\"dateModified\":\"2015-02-15T22:02:20+00:00\",\"description\":\"Choisissez l'assurance auto qui vous convient selon votre age et kilom\\u00e9trage annuel. Nous vous proposons la RC, petite omnium, omnium compl\\u00e8te et assistance\",\"inLanguage\":\"fr-FR\",\"potentialAction\":[{\"@type\":\"ReadAction\",\"target\":[\"https:\/\/ctahuy.be\/fr\/assurances\/particulier\/auto\/\"]}]}]}<\/script>\n<!-- \/ Yoast SEO plugin. -->","_links":{"self":[{"href":"https:\/\/ctahuy.be\/fr\/wp-json\/wp\/v2\/pages\/572"}],"collection":[{"href":"https:\/\/ctahuy.be\/fr\/wp-json\/wp\/v2\/pages"}],"about":[{"href":"https:\/\/ctahuy.be\/fr\/wp-json\/wp\/v2\/types\/page"}],"author":[{"embeddable":true,"href":"https:\/\/ctahuy.be\/fr\/wp-json\/wp\/v2\/users\/1"}],"replies":[{"embeddable":true,"href":"https:\/\/ctahuy.be\/fr\/wp-json\/wp\/v2\/comments?post=572"}],"version-history":[{"count":22,"href":"https:\/\/ctahuy.be\/fr\/wp-json\/wp\/v2\/pages\/572\/revisions"}],"predecessor-version":[{"id":1042,"href":"https:\/\/ctahuy.be\/fr\/wp-json\/wp\/v2\/pages\/572\/revisions\/1042"}],"up":[{"embeddable":true,"href":"https:\/\/ctahuy.be\/fr\/wp-json\/wp\/v2\/pages\/525"}],"wp:attachment":[{"href":"https:\/\/ctahuy.be\/fr\/wp-json\/wp\/v2\/media?parent=572"}],"curies":[{"name":"wp","href":"https:\/\/api.w.org\/{rel}","templated":true}]}}