{"id":641,"date":"2014-12-18T08:55:51","date_gmt":"2014-12-18T07:55:51","guid":{"rendered":"http:\/\/ctahuy.be\/fr\/?page_id=641"},"modified":"2015-02-13T10:57:49","modified_gmt":"2015-02-13T09:57:49","slug":"rc","status":"publish","type":"page","link":"https:\/\/ctahuy.be\/fr\/assurances\/independant\/rc\/","title":{"rendered":"RC"},"content":{"rendered":"<p><strong><em>La Responsabilit\u00e9 Civile Entreprise<\/em><\/strong><\/p>\n<div style=\"height: 14px;\"><\/div>\n<p><strong>La Responsabilit\u00e9 Civile Entreprise : qu\u2019est-ce que c\u2019est ?<\/strong><\/p>\n<div style=\"height: 14px;\"><\/div>\n<p>En tant qu\u2019ind\u00e9pendant ou entreprise, vous \u00eates responsable de vos propres actions mais aussi de celles de votre personnel.<\/p>\n<p>En effet, si vous ou vos employ\u00e9s \u00eates responsables d&#8217;un dommage cr\u00e9\u00e9 dans le cadre de vos activit\u00e9s professionnelles, la loi vous oblige \u00e0 d\u00e9dommager la ou les victimes.<\/p>\n<div style=\"height: 14px;\"><\/div>\n<p>Exemple : un client tr\u00e9buche sur un c\u00e2ble d\u00e9tach\u00e9 dans votre entreprise et se blesse, un de vos employ\u00e9s endommage un meuble chez un client.<\/p>\n<p>&nbsp;<\/p>\n<p><strong>La Responsabilit\u00e9 Civile Entreprise : Qui est couvert ?<\/strong><\/p>\n<div><\/div>\n<p>La R.C. Entreprise couvre :<\/p>\n<p>&nbsp;<\/p>\n<div>\u00a01. Votre responsabilit\u00e9 ou celle vos associ\u00e9s<\/div>\n<ol>\n<ul>\n<li>si vous \u00eates ind\u00e9pendant en personne physique, elle couvre \u00a0les membres de votre m\u00e9nage (cohabitants) qui vous aident<\/li>\n<li>si le preneur d&#8217;assurance est une soci\u00e9t\u00e9, elle couvre les administrateurs, les g\u00e9rants &#8230;<\/li>\n<\/ul>\n<\/ol>\n<p>&nbsp;<\/p>\n<p>2. La responsabilit\u00e9 des membres de votre personnel ou des personnes qui travaillent pour votre entreprise.<\/p>\n<div style=\"height: 14px;\"><\/div>\n<div style=\"height: 14px;\"><\/div>\n<div style=\"height: 14px;\">\u00a0<strong>Les garanties:<\/strong><\/div>\n<p>&nbsp;<\/p>\n<p>* La R.C. entreprise couvre les dommages corporels, mat\u00e9riels et immat\u00e9riels dont vous \u00eates\u00a0reconnu responsable dans le cadre de vos activit\u00e9s professionnelles que ce soit dans l\u2019enceinte de l\u2019entreprise ou \u00e0 l\u2019ext\u00e9rieur . Elle vous permet de limiter les cons\u00e9quences financi\u00e8res\u00a0du sinistre pour vous en tant qu&#8217;ind\u00e9pendant\u00a0ou pour votre soci\u00e9t\u00e9.<\/p>\n<p>&nbsp;<\/p>\n<p>* La R.C. Apr\u00e8s Livraison\u00a0couvre la responsabilit\u00e9 civile contractuelle et extra-contractuelle\u00a0de l\u2019entreprise \/ de l&#8217;ind\u00e9pendant pour les dommages caus\u00e9s \u00e0 des tiers :<\/p>\n<p>&nbsp;<\/p>\n<p>&#8211; par les produits fabriqu\u00e9s, vendus, distribu\u00e9s, modifi\u00e9s\u2026 apr\u00e8s leur livraison.<\/p>\n<p>&#8211;\u00a0par des travaux ex\u00e9cut\u00e9s apr\u00e8s l\u2019ach\u00e8vement.<\/p>\n<p>&nbsp;<\/p>\n<p>* Rc Objet Confi\u00e9<strong>\u00a0<\/strong>couvre la responsabilit\u00e9 civile contractuelle de l\u2019entreprise \/ de l&#8217;ind\u00e9pendant pour les dommages caus\u00e9 \u00e0 des biens qui lui sont confi\u00e9s, \u00a0dans le but de r\u00e9aliser un travail, une r\u00e9paration, un entretien\u2026<\/p>\n<p>&nbsp;<\/p>\n<p><strong>Une garantie compl\u00e9mentaire optionnelle:<\/strong><\/p>\n<p>&nbsp;<\/p>\n<p><em>La Protection juridique<\/em> : Elle vous assure une d\u00e9fense\u00a0au p\u00e9nal et l&#8217;exercice de recours contre des tiers. De plus, elle pr\u00e9voit une indemnisation si le tiers responsable est insolvable.<\/p>\n<div style=\"height: 14px;\"><\/div>\n<div style=\"height: 14px;\">Vous comprenez donc l&#8217;importance de bien couvrir sa responsabilit\u00e9 civile professionnelle.<\/div>\n<div style=\"height: 14px;\"><\/div>\n<div style=\"height: 14px;\"><\/div>\n<p>N\u2019h\u00e9sitez pas \u00e0 nous consulter. S\u2019assurer, c\u2019est pr\u00e9voir\u00a0!<\/p>\n<p>CTA \u2013 Comptoir Technique d\u2019Assurances Huy<\/p>\n<p>Rue des Augustins, 45 \u2014 4500 Huy<\/p>\n<p>+32 (0)85 21 21 74 fax +32 (0)85 23 53 28 | <a href=\"mailto:info@ctahuy.be\" target=\"_blank\">info@ctahuy.be<\/a><\/p>\n<p>&nbsp;<\/p>\n<p>&nbsp;<\/p>\n<p style=\"text-align: center;\"><a class=\"btn  btn-warning\" href=\"http:\/\/ctahuy.be\/fr\/assurances\/independant\/\">Retour<\/a><\/p>\n","protected":false},"excerpt":{"rendered":"<p>La Responsabilit\u00e9 Civile Entreprise La Responsabilit\u00e9 Civile Entreprise : qu\u2019est-ce que c\u2019est ? En tant qu\u2019ind\u00e9pendant ou entreprise, vous \u00eates [&hellip;]<\/p>\n","protected":false},"author":1,"featured_media":0,"parent":527,"menu_order":0,"comment_status":"closed","ping_status":"open","template":"services-page.php","meta":[],"yoast_head":"<!-- This site is optimized with the Yoast SEO plugin v15.2 - https:\/\/yoast.com\/wordpress\/plugins\/seo\/ -->\n<meta name=\"robots\" content=\"index, follow, max-snippet:-1, max-image-preview:large, max-video-preview:-1\" \/>\n<link rel=\"canonical\" href=\"https:\/\/ctahuy.be\/fr\/assurances\/independant\/rc\/\" \/>\n<meta property=\"og:locale\" content=\"fr_FR\" \/>\n<meta property=\"og:type\" content=\"article\" \/>\n<meta property=\"og:title\" content=\"RC - CTA Huy - Assureur Huy Li\u00e8ge Waremme\" \/>\n<meta property=\"og:description\" content=\"La Responsabilit\u00e9 Civile Entreprise La Responsabilit\u00e9 Civile Entreprise : qu\u2019est-ce que c\u2019est ? En tant qu\u2019ind\u00e9pendant ou entreprise, vous \u00eates [&hellip;]\" \/>\n<meta property=\"og:url\" content=\"https:\/\/ctahuy.be\/fr\/assurances\/independant\/rc\/\" \/>\n<meta property=\"og:site_name\" content=\"CTA Huy\" \/>\n<meta property=\"article:modified_time\" content=\"2015-02-13T09:57:49+00:00\" \/>\n<meta name=\"twitter:label1\" value=\"\u00c9crit par\">\n\t<meta name=\"twitter:data1\" value=\"Admin\">\n\t<meta name=\"twitter:label2\" value=\"Dur\u00e9e de lecture est.\">\n\t<meta name=\"twitter:data2\" value=\"2 minutes\">\n<script type=\"application\/ld+json\" class=\"yoast-schema-graph\">{\"@context\":\"https:\/\/schema.org\",\"@graph\":[{\"@type\":\"Organization\",\"@id\":\"https:\/\/ctahuy.be\/fr\/#organization\",\"name\":\"CTA Huy\",\"url\":\"https:\/\/ctahuy.be\/fr\/\",\"sameAs\":[],\"logo\":{\"@type\":\"ImageObject\",\"@id\":\"https:\/\/ctahuy.be\/fr\/#logo\",\"inLanguage\":\"fr-FR\",\"url\":\"https:\/\/ctahuy.be\/fr\/wp-content\/uploads\/2014\/09\/logoctahuy2.png\",\"width\":221,\"height\":67,\"caption\":\"CTA Huy\"},\"image\":{\"@id\":\"https:\/\/ctahuy.be\/fr\/#logo\"}},{\"@type\":\"WebSite\",\"@id\":\"https:\/\/ctahuy.be\/fr\/#website\",\"url\":\"https:\/\/ctahuy.be\/fr\/\",\"name\":\"CTA Huy\",\"description\":\"Comptoir technique d&#039;assurances \\u00e0 Huy\",\"publisher\":{\"@id\":\"https:\/\/ctahuy.be\/fr\/#organization\"},\"potentialAction\":[{\"@type\":\"SearchAction\",\"target\":\"https:\/\/ctahuy.be\/fr\/?s={search_term_string}\",\"query-input\":\"required name=search_term_string\"}],\"inLanguage\":\"fr-FR\"},{\"@type\":\"WebPage\",\"@id\":\"https:\/\/ctahuy.be\/fr\/assurances\/independant\/rc\/#webpage\",\"url\":\"https:\/\/ctahuy.be\/fr\/assurances\/independant\/rc\/\",\"name\":\"RC - CTA Huy - Assureur Huy Li\\u00e8ge Waremme\",\"isPartOf\":{\"@id\":\"https:\/\/ctahuy.be\/fr\/#website\"},\"datePublished\":\"2014-12-18T07:55:51+00:00\",\"dateModified\":\"2015-02-13T09:57:49+00:00\",\"inLanguage\":\"fr-FR\",\"potentialAction\":[{\"@type\":\"ReadAction\",\"target\":[\"https:\/\/ctahuy.be\/fr\/assurances\/independant\/rc\/\"]}]}]}<\/script>\n<!-- \/ Yoast SEO plugin. -->","_links":{"self":[{"href":"https:\/\/ctahuy.be\/fr\/wp-json\/wp\/v2\/pages\/641"}],"collection":[{"href":"https:\/\/ctahuy.be\/fr\/wp-json\/wp\/v2\/pages"}],"about":[{"href":"https:\/\/ctahuy.be\/fr\/wp-json\/wp\/v2\/types\/page"}],"author":[{"embeddable":true,"href":"https:\/\/ctahuy.be\/fr\/wp-json\/wp\/v2\/users\/1"}],"replies":[{"embeddable":true,"href":"https:\/\/ctahuy.be\/fr\/wp-json\/wp\/v2\/comments?post=641"}],"version-history":[{"count":20,"href":"https:\/\/ctahuy.be\/fr\/wp-json\/wp\/v2\/pages\/641\/revisions"}],"predecessor-version":[{"id":1024,"href":"https:\/\/ctahuy.be\/fr\/wp-json\/wp\/v2\/pages\/641\/revisions\/1024"}],"up":[{"embeddable":true,"href":"https:\/\/ctahuy.be\/fr\/wp-json\/wp\/v2\/pages\/527"}],"wp:attachment":[{"href":"https:\/\/ctahuy.be\/fr\/wp-json\/wp\/v2\/media?parent=641"}],"curies":[{"name":"wp","href":"https:\/\/api.w.org\/{rel}","templated":true}]}}