{"id":958,"date":"2015-02-06T14:05:15","date_gmt":"2015-02-06T13:05:15","guid":{"rendered":"http:\/\/ctahuy.be\/fr\/?page_id=958"},"modified":"2015-02-15T22:57:20","modified_gmt":"2015-02-15T21:57:20","slug":"quelle-assurance-auto-choisir","status":"publish","type":"page","link":"https:\/\/ctahuy.be\/fr\/assurances\/independant\/vehicule\/quelle-assurance-auto-choisir\/","title":{"rendered":"<span class=\"light\">Quelle<\/span> assurance auto choisir"},"content":{"rendered":"<p><H1>Demandez-nous conseil pour votre assurance auto priv\u00e9e ou professionnelle<\/H1><\/p>\n\n\n<!-- Fast Secure Contact Form plugin 4.0.32 - begin - FastSecureContactForm.com -->\n<div style=\"clear:both;\"><\/div>\n<p>Veuillez remplir le formulaire et nous vous contacterons dans les plus brefs d\u00e9lais.<\/p>\r\n<table width=\"100%\" style=\"padding:10px;\" cellpadding=\"20\">\r\n<tr>\r\n<td>\n<div id=\"FSContact1\" style=\"width:99%; max-width:555px;\">\n<form action=\"https:\/\/ctahuy.be\/fr\/wp-json\/wp\/v2\/pages\/958#FSContact1\" id=\"fscf_form1\" method=\"post\">\n\n<div id=\"fscf_required1\">\n  <span style=\"text-align:left;\">*<\/span> <span style=\"text-align:left;\">indique un champ requis<\/span>\n<\/div>\n\n\n<div id=\"fscf_div_clear1_17\" style=\"clear:both;\">\n  <div id=\"fscf_div_field1_17\" style=\"clear:left; float:left; width:99%; max-width:550px; margin-right:10px;\">\n\n    <div style=\"clear:both;\"><\/div>\n<H2>Conducteur<\/H2>\n\n    <div  id=\"fscf_label1_17\" style=\"text-align:left; padding-top:5px;\">\n      <label style=\"text-align:left;\" for=\"fscf_field1_17\">Civilit\u00e9<span style=\"text-align:left;\">*<\/span><\/label>\n    <\/div>\n    <div style=\"text-align:left;\">\n      <span><input type=\"checkbox\" style=\"width:13px;\" id=\"fscf_field1_17_1\" name=\"Civilite[1]\" value=\"1\" \/> <label style=\"display:inline;\" for=\"fscf_field1_17_1\">Mademoiselle<\/label><\/span><br \/>\n      <span><input type=\"checkbox\" style=\"width:13px;\" id=\"fscf_field1_17_2\" name=\"Civilite[2]\" value=\"2\" \/> <label style=\"display:inline;\" for=\"fscf_field1_17_2\">Madame<\/label><\/span><br \/>\n      <span><input type=\"checkbox\" style=\"width:13px;\" id=\"fscf_field1_17_3\" name=\"Civilite[3]\" value=\"3\" \/> <label style=\"display:inline;\" for=\"fscf_field1_17_3\">Monsieur<\/label><\/span>\n    <\/div>\n  <\/div>\n<\/div>\n\n<div id=\"fscf_div_clear1_0\" style=\"clear:both;\">\n  <div id=\"fscf_div_field1_0\" style=\"clear:left; float:left; width:99%; max-width:550px; margin-right:10px;\">\n    <div style=\"text-align:left; padding-top:5px;\">\n      <label style=\"text-align:left;\" for=\"fscf_name1\">Nom<span style=\"text-align:left;\">*<\/span><\/label>\n    <\/div>\n    <div style=\"text-align:left;\">\n      <input style=\"text-align:left; margin:0; width:99%; max-width:250px;\" type=\"text\" id=\"fscf_name1\" name=\"full_name\" value=\"\"  \/>\n    <\/div>\n  <\/div>\n<\/div>\n\n<div id=\"fscf_div_clear1_4\" style=\"clear:both;\">\n  <div id=\"fscf_div_field1_4\" style=\"clear:left; float:left; width:99%; max-width:550px; margin-right:10px;\">\n    <div  id=\"fscf_label1_4\" style=\"text-align:left; padding-top:5px;\">\n      <label style=\"text-align:left;\" for=\"fscf_field1_4\">Date de naissance<\/label>\n    <\/div>\n    <div style=\"text-align:left;\">\n      <input style=\"text-align:left; margin:0; width:99%; max-width:250px;\" type=\"text\" id=\"fscf_field1_4\" name=\"Date-de-naissance\" value=\"jj\/mm\/aaaa\"  size=\"15\"  \/>\n    <\/div>\n  <\/div>\n<\/div>\n\n<div id=\"fscf_div_clear1_1\" style=\"clear:both;\">\n  <div id=\"fscf_div_field1_1\" style=\"clear:left; float:left; width:99%; max-width:550px; margin-right:10px;\">\n    <div style=\"text-align:left; padding-top:5px;\">\n      <label style=\"text-align:left;\" for=\"fscf_email1\">Email<span style=\"text-align:left;\">*<\/span><\/label>\n    <\/div>\n    <div style=\"text-align:left;\">\n      <input style=\"text-align:left; margin:0; width:99%; max-width:250px;\" type=\"text\" id=\"fscf_email1\" name=\"email\" value=\"\"  \/>\n    <\/div>\n  <\/div>\n<\/div>\n\n<div id=\"fscf_div_clear1_6\" style=\"clear:both;\">\n  <div id=\"fscf_div_field1_6\" style=\"clear:left; float:left; width:99%; max-width:550px; margin-right:10px;\">\n    <div  id=\"fscf_label1_6\" style=\"text-align:left; padding-top:5px;\">\n      <label style=\"text-align:left;\" for=\"fscf_field1_6\">T\u00e9l\u00e9phone<\/label>\n    <\/div>\n    <div style=\"text-align:left;\">\n      <input style=\"text-align:left; margin:0; width:99%; max-width:250px;\" type=\"text\" id=\"fscf_field1_6\" name=\"Telephone\" value=\"\"  \/>\n    <\/div>\n  <\/div>\n<\/div>\n\n<div id=\"fscf_div_clear1_7\" style=\"clear:both;\">\n  <div id=\"fscf_div_field1_7\" style=\"clear:left; float:left; width:99%; max-width:550px; margin-right:10px;\">\n    <div  id=\"fscf_label1_7\" style=\"text-align:left; padding-top:5px;\">\n      <label style=\"text-align:left;\" for=\"fscf_field1_7\">Adresse (rue et num\u00e9ro)<\/label>\n    <\/div>\n    <div style=\"text-align:left;\">\n      <input style=\"text-align:left; margin:0; width:99%; max-width:250px;\" type=\"text\" id=\"fscf_field1_7\" name=\"Adresse-complete\" value=\"\"  \/>\n    <\/div>\n  <\/div>\n<\/div>\n\n<div id=\"fscf_div_clear1_19\" style=\"clear:both;\">\n  <div id=\"fscf_div_field1_19\" style=\"clear:left; float:left; width:99%; max-width:550px; margin-right:10px;\">\n    <div  id=\"fscf_label1_19\" style=\"text-align:left; padding-top:5px;\">\n      <label style=\"text-align:left;\" for=\"fscf_field1_19\">Localisation (code postal et ville)<\/label>\n    <\/div>\n    <div style=\"text-align:left;\">\n      <input style=\"text-align:left; margin:0; width:99%; max-width:250px;\" type=\"text\" id=\"fscf_field1_19\" name=\"Localisation-code-postal-et-ville\" value=\"\"  \/>\n    <\/div>\n  <\/div>\n<\/div>\n\n<div id=\"fscf_div_clear1_5\" style=\"clear:both;\">\n  <div id=\"fscf_div_field1_5\" style=\"clear:left; float:left; width:99%; max-width:550px; margin-right:10px;\">\n    <div  id=\"fscf_label1_5\" style=\"text-align:left; padding-top:5px;\">\n      <label style=\"text-align:left;\" for=\"fscf_field1_5\">Conducteur de moins de 26ans?<\/label>\n    <\/div>\n    <div style=\"text-align:left;\">\n      <span><input type=\"checkbox\" style=\"width:13px;\" id=\"fscf_field1_5_1\" name=\"Conducteur-de-moins-de-26ans[1]\" value=\"1\" \/> <label style=\"display:inline;\" for=\"fscf_field1_5_1\">Oui<\/label><\/span><br \/>\n      <span><input type=\"checkbox\" style=\"width:13px;\" id=\"fscf_field1_5_2\" name=\"Conducteur-de-moins-de-26ans[2]\" value=\"2\" \/> <label style=\"display:inline;\" for=\"fscf_field1_5_2\">Non<\/label><\/span>\n    <\/div>\n  <\/div>\n<\/div>\n\n<div id=\"fscf_div_clear1_18\" style=\"clear:both;\">\n  <div id=\"fscf_div_field1_18\" style=\"clear:left; float:left; width:99%; max-width:550px; margin-right:10px;\">\n    <div  id=\"fscf_label1_18\" style=\"text-align:left; padding-top:5px;\">\n      <label style=\"text-align:left;\" for=\"fscf_field1_18\">Date d&#039;obtention du permis de conduire<span style=\"text-align:left;\">*<\/span><\/label>\n    <\/div>\n    <div style=\"text-align:left;\">\n      <input style=\"text-align:left; margin:0; width:99%; max-width:250px;\" type=\"text\" id=\"fscf_field1_18\" name=\"Date-dobtention-du-permis-de-conduire\" value=\"jj\/mm\/aaaa\"  size=\"15\"  \/>\n    <\/div>\n  <\/div>\n<\/div>\n\n<div id=\"fscf_div_clear1_10\" style=\"clear:both;\">\n  <div id=\"fscf_div_field1_10\" style=\"clear:left; float:left; width:99%; max-width:550px; margin-right:10px;\">\n    <div  id=\"fscf_label1_10\" style=\"text-align:left; padding-top:5px;\">\n      <label style=\"text-align:left;\" for=\"fscf_field1_10\">Degr\u00e9 bonus-malus<\/label>\n    <\/div>\n    <div style=\"text-align:left;\">\n      <input style=\"text-align:left; margin:0; width:99%; max-width:250px;\" type=\"text\" id=\"fscf_field1_10\" name=\"Degre-bonus-malus\" value=\"\"  \/>\n    <\/div>\n  <\/div>\n<\/div>\n\n<div id=\"fscf_div_clear1_8\" style=\"clear:both;\">\n  <div id=\"fscf_div_field1_8\" style=\"clear:left; float:left; width:99%; max-width:550px; margin-right:10px;\">\n    <div  id=\"fscf_label1_8\" style=\"text-align:left; padding-top:5px;\">\n      <label style=\"text-align:left;\" for=\"fscf_field1_8\">Profession<\/label>\n    <\/div>\n    <div style=\"text-align:left;\">\n      <input style=\"text-align:left; margin:0; width:99%; max-width:250px;\" type=\"text\" id=\"fscf_field1_8\" name=\"Profession\" value=\"\"  \/>\n    <\/div>\n  <\/div>\n<\/div>\n\n<div id=\"fscf_div_clear1_9\" style=\"clear:both;\">\n  <div id=\"fscf_div_field1_9\" style=\"clear:left; float:left; width:99%; max-width:550px; margin-right:10px;\">\n    <div  id=\"fscf_label1_9\" style=\"text-align:left; padding-top:5px;\">\n      <label style=\"text-align:left;\" for=\"fscf_field1_9\">Usage professionnel du v\u00e9hicule?<\/label>\n    <\/div>\n    <div style=\"text-align:left;\">\n      <span><input type=\"checkbox\" style=\"width:13px;\" id=\"fscf_field1_9_1\" name=\"Usage-professionnel-du-vehicule[1]\" value=\"1\" \/> <label style=\"display:inline;\" for=\"fscf_field1_9_1\">Oui<\/label><\/span><br \/>\n      <span><input type=\"checkbox\" style=\"width:13px;\" id=\"fscf_field1_9_2\" name=\"Usage-professionnel-du-vehicule[2]\" value=\"2\" \/> <label style=\"display:inline;\" for=\"fscf_field1_9_2\">Non<\/label><\/span>\n    <\/div>\n\n    <div style=\"clear:both;\"><\/div>\n<\/td>\r\n<td>\n\n  <\/div>\n<\/div>\n\n<div id=\"fscf_div_clear1_11\" style=\"clear:both;\">\n  <div id=\"fscf_div_field1_11\" style=\"clear:left; float:left; width:99%; max-width:550px; margin-right:10px;\">\n\n    <div style=\"clear:both;\"><\/div>\n<H2>V\u00e9hicule<\/H2>\n\n    <div  id=\"fscf_label1_11\" style=\"text-align:left; padding-top:5px;\">\n      <label style=\"text-align:left;\" for=\"fscf_field1_11\">Type de v\u00e9hicule<\/label>\n    <\/div>\n    <div style=\"text-align:left;\">\n      <span><input type=\"checkbox\" style=\"width:13px;\" id=\"fscf_field1_11_1\" name=\"Type-de-vehicule[1]\" value=\"1\" \/> <label style=\"display:inline;\" for=\"fscf_field1_11_1\">Voiture<\/label><\/span><br \/>\n      <span><input type=\"checkbox\" style=\"width:13px;\" id=\"fscf_field1_11_2\" name=\"Type-de-vehicule[2]\" value=\"2\" \/> <label style=\"display:inline;\" for=\"fscf_field1_11_2\">Utilitaire<\/label><\/span><br \/>\n      <span><input type=\"checkbox\" style=\"width:13px;\" id=\"fscf_field1_11_3\" name=\"Type-de-vehicule[3]\" value=\"3\" \/> <label style=\"display:inline;\" for=\"fscf_field1_11_3\">Moto<\/label><\/span><br \/>\n      <span><input type=\"checkbox\" style=\"width:13px;\" id=\"fscf_field1_11_4\" name=\"Type-de-vehicule[4]\" value=\"4\" \/> <label style=\"display:inline;\" for=\"fscf_field1_11_4\">Mobylette<\/label><\/span>\n    <\/div>\n  <\/div>\n<\/div>\n\n<div id=\"fscf_div_clear1_12\" style=\"clear:both;\">\n  <div id=\"fscf_div_field1_12\" style=\"clear:left; float:left; width:99%; max-width:550px; margin-right:10px;\">\n    <div  id=\"fscf_label1_12\" style=\"text-align:left; padding-top:5px;\">\n      <label style=\"text-align:left;\" for=\"fscf_field1_12\">Marque et mod\u00e8le du v\u00e9hicule<\/label>\n    <\/div>\n    <div style=\"text-align:left;\">\n      <input style=\"text-align:left; margin:0; width:99%; max-width:250px;\" type=\"text\" id=\"fscf_field1_12\" name=\"Marque-et-modele-du-vehicule\" value=\"\"  \/>\n    <\/div>\n  <\/div>\n<\/div>\n\n<div id=\"fscf_div_clear1_13\" style=\"clear:both;\">\n  <div id=\"fscf_div_field1_13\" style=\"clear:left; float:left; width:99%; max-width:550px; margin-right:10px;\">\n    <div  id=\"fscf_label1_13\" style=\"text-align:left; padding-top:5px;\">\n      <label style=\"text-align:left;\" for=\"fscf_field1_13\">Valeur catalogue du v\u00e9hicule HTVA<\/label>\n    <\/div>\n    <div style=\"text-align:left;\">\n      <input style=\"text-align:left; margin:0; width:99%; max-width:250px;\" type=\"text\" id=\"fscf_field1_13\" name=\"Valeur-catalogue-du-vehicule-HTVA\" value=\"\"  \/>\n    <\/div>\n  <\/div>\n<\/div>\n\n<div id=\"fscf_div_clear1_14\" style=\"clear:both;\">\n  <div id=\"fscf_div_field1_14\" style=\"clear:left; float:left; width:99%; max-width:550px; margin-right:10px;\">\n    <div  id=\"fscf_label1_14\" style=\"text-align:left; padding-top:5px;\">\n      <label style=\"text-align:left;\" for=\"fscf_field1_14\">Kw<\/label>\n    <\/div>\n    <div style=\"text-align:left;\">\n      <input style=\"text-align:left; margin:0; width:99%; max-width:250px;\" type=\"text\" id=\"fscf_field1_14\" name=\"Kw\" value=\"\"  \/>\n    <\/div>\n  <\/div>\n<\/div>\n\n<div id=\"fscf_div_clear1_15\" style=\"clear:both;\">\n  <div id=\"fscf_div_field1_15\" style=\"clear:left; float:left; width:99%; max-width:550px; margin-right:10px;\">\n    <div  id=\"fscf_label1_15\" style=\"text-align:left; padding-top:5px;\">\n      <label style=\"text-align:left;\" for=\"fscf_field1_15\">Date de 1\u00e8re mise en circulation<\/label>\n    <\/div>\n    <div style=\"text-align:left;\">\n      <input style=\"text-align:left; margin:0; width:99%; max-width:250px;\" type=\"text\" id=\"fscf_field1_15\" name=\"Date-de-1ere-mise-en-circulation\" value=\"jj\/mm\/aaaa\"  size=\"15\"  \/>\n    <\/div>\n  <\/div>\n<\/div>\n\n<div id=\"fscf_div_clear1_16\" style=\"clear:both;\">\n  <div id=\"fscf_div_field1_16\" style=\"clear:left; float:left; width:99%; max-width:550px; margin-right:10px;\">\n\n    <div style=\"clear:both;\"><\/div>\n<br><br><H2>Couverture<\/H2>\n\n    <div  id=\"fscf_label1_16\" style=\"text-align:left; padding-top:5px;\">\n      <label style=\"text-align:left;\" for=\"fscf_field1_16\">Couverture<\/label>\n    <\/div>\n    <div style=\"text-align:left;\">\n      <span><input type=\"checkbox\" style=\"width:13px;\" id=\"fscf_field1_16_1\" name=\"Couverture[1]\" value=\"1\" \/> <label style=\"display:inline;\" for=\"fscf_field1_16_1\">Responsabilit\u00e9 civile<\/label><\/span><br \/>\n      <span><input type=\"checkbox\" style=\"width:13px;\" id=\"fscf_field1_16_2\" name=\"Couverture[2]\" value=\"2\" \/> <label style=\"display:inline;\" for=\"fscf_field1_16_2\">Omnium partielle<\/label><\/span><br \/>\n      <span><input type=\"checkbox\" style=\"width:13px;\" id=\"fscf_field1_16_3\" name=\"Couverture[3]\" value=\"3\" \/> <label style=\"display:inline;\" for=\"fscf_field1_16_3\">Omnium compl\u00e8te<\/label><\/span><br \/>\n      <span><input type=\"checkbox\" style=\"width:13px;\" id=\"fscf_field1_16_4\" name=\"Couverture[4]\" value=\"4\" \/> <label style=\"display:inline;\" for=\"fscf_field1_16_4\">Protection juridique<\/label><\/span><br \/>\n      <span><input type=\"checkbox\" style=\"width:13px;\" id=\"fscf_field1_16_5\" name=\"Couverture[5]\" value=\"5\" \/> <label style=\"display:inline;\" for=\"fscf_field1_16_5\">Assurance conducteur<\/label><\/span>\n    <\/div>\n  <\/div>\n<\/div>\n<div style=\"clear:both;\"><\/div>\n\n<div id=\"fscf_submit_div1\" style=\"text-align:left; clear:both; padding-top:15px;\">\n\t\t<input type=\"submit\" id=\"fscf_submit1\" style=\"cursor:pointer; margin:0; background-color: #58c912;  font-family: &quot;Dosis&quot;, sans-serif;  padding: 8px 17px;  font-size: 14px;  font-weight: bold;  text-transform: uppercase;  color: white;\" value=\"Envoyer\"  onclick=\"this.disabled=true; this.value='Submitting...'; this.form.submit();\" \/> \n<\/div>\n\n<input type=\"hidden\" name=\"fscf_submitted\" value=\"0\" \/>\n<input type=\"hidden\" name=\"fs_postonce_1\" value=\"eebf87140d4f99b8dc8b824c9424df5b,1777522296\" \/>\n<input type=\"hidden\" name=\"si_contact_action\" value=\"send\" \/>\n<input type=\"hidden\" name=\"form_id\" value=\"1\" \/>\n<input type=\"hidden\" name=\"mailto_id\" value=\"1\" \/>\n\n<\/form>\n<\/div>\n<div style=\"clear:both;\"><\/div>\n<\/td>\r\n<\/tr>\r\n<\/table>\n<!-- Fast Secure Contact Form plugin 4.0.32 - end - FastSecureContactForm.com -->\n\n<p style=\"text-align: center;\"><a class=\"btn  btn-warning\" style=\"text-align: center; line-height: 1.5;\" href=\"http:\/\/ctahuy.be\/fr\/assurances\/particulier\/auto\/\">Retour assurance auto particulier<\/a> <a class=\"btn  btn-warning\" style=\"text-align: center; line-height: 1.5;\" href=\"http:\/\/ctahuy.be\/fr\/assurances\/independant\/vehicule\/\">Retour assurance auto ind\u00e9pendant<\/a><\/p>\n","protected":false},"excerpt":{"rendered":"<p>Demandez-nous conseil pour votre assurance auto priv\u00e9e ou professionnelle Retour assurance auto particulier Retour assurance auto ind\u00e9pendant<\/p>\n","protected":false},"author":1,"featured_media":0,"parent":480,"menu_order":0,"comment_status":"closed","ping_status":"open","template":"services-page.php","meta":[],"yoast_head":"<!-- This site is optimized with the Yoast SEO plugin v15.2 - https:\/\/yoast.com\/wordpress\/plugins\/seo\/ -->\n<meta name=\"description\" content=\"Compl\u00e9tez le formulaire concernant votre assurance auto priv\u00e9e ou professionnelle pour trouver une solution adapt\u00e9e \u00e0 votre kilom\u00e9trage annuel.\" \/>\n<meta name=\"robots\" content=\"index, follow, max-snippet:-1, max-image-preview:large, max-video-preview:-1\" \/>\n<link rel=\"canonical\" href=\"https:\/\/ctahuy.be\/fr\/assurances\/independant\/vehicule\/quelle-assurance-auto-choisir\/\" \/>\n<meta property=\"og:locale\" content=\"fr_FR\" \/>\n<meta property=\"og:type\" content=\"article\" \/>\n<meta property=\"og:title\" content=\"Quelle assurance auto choisir \u00e0 Huy, Amay, Wanze?\" \/>\n<meta property=\"og:description\" content=\"Compl\u00e9tez le formulaire concernant votre assurance auto priv\u00e9e ou professionnelle pour trouver une solution adapt\u00e9e \u00e0 votre kilom\u00e9trage annuel.\" \/>\n<meta property=\"og:url\" content=\"https:\/\/ctahuy.be\/fr\/assurances\/independant\/vehicule\/quelle-assurance-auto-choisir\/\" \/>\n<meta property=\"og:site_name\" content=\"CTA Huy\" \/>\n<meta property=\"article:modified_time\" content=\"2015-02-15T21:57:20+00:00\" \/>\n<meta name=\"twitter:label1\" value=\"\u00c9crit par\">\n\t<meta name=\"twitter:data1\" value=\"Admin\">\n\t<meta name=\"twitter:label2\" value=\"Dur\u00e9e de lecture est.\">\n\t<meta name=\"twitter:data2\" value=\"0 minute\">\n<script type=\"application\/ld+json\" class=\"yoast-schema-graph\">{\"@context\":\"https:\/\/schema.org\",\"@graph\":[{\"@type\":\"Organization\",\"@id\":\"https:\/\/ctahuy.be\/fr\/#organization\",\"name\":\"CTA Huy\",\"url\":\"https:\/\/ctahuy.be\/fr\/\",\"sameAs\":[],\"logo\":{\"@type\":\"ImageObject\",\"@id\":\"https:\/\/ctahuy.be\/fr\/#logo\",\"inLanguage\":\"fr-FR\",\"url\":\"https:\/\/ctahuy.be\/fr\/wp-content\/uploads\/2014\/09\/logoctahuy2.png\",\"width\":221,\"height\":67,\"caption\":\"CTA Huy\"},\"image\":{\"@id\":\"https:\/\/ctahuy.be\/fr\/#logo\"}},{\"@type\":\"WebSite\",\"@id\":\"https:\/\/ctahuy.be\/fr\/#website\",\"url\":\"https:\/\/ctahuy.be\/fr\/\",\"name\":\"CTA Huy\",\"description\":\"Comptoir technique d&#039;assurances \\u00e0 Huy\",\"publisher\":{\"@id\":\"https:\/\/ctahuy.be\/fr\/#organization\"},\"potentialAction\":[{\"@type\":\"SearchAction\",\"target\":\"https:\/\/ctahuy.be\/fr\/?s={search_term_string}\",\"query-input\":\"required name=search_term_string\"}],\"inLanguage\":\"fr-FR\"},{\"@type\":\"WebPage\",\"@id\":\"https:\/\/ctahuy.be\/fr\/assurances\/independant\/vehicule\/quelle-assurance-auto-choisir\/#webpage\",\"url\":\"https:\/\/ctahuy.be\/fr\/assurances\/independant\/vehicule\/quelle-assurance-auto-choisir\/\",\"name\":\"Quelle assurance auto choisir \\u00e0 Huy, Amay, Wanze?\",\"isPartOf\":{\"@id\":\"https:\/\/ctahuy.be\/fr\/#website\"},\"datePublished\":\"2015-02-06T13:05:15+00:00\",\"dateModified\":\"2015-02-15T21:57:20+00:00\",\"description\":\"Compl\\u00e9tez le formulaire concernant votre assurance auto priv\\u00e9e ou professionnelle pour trouver une solution adapt\\u00e9e \\u00e0 votre kilom\\u00e9trage annuel.\",\"inLanguage\":\"fr-FR\",\"potentialAction\":[{\"@type\":\"ReadAction\",\"target\":[\"https:\/\/ctahuy.be\/fr\/assurances\/independant\/vehicule\/quelle-assurance-auto-choisir\/\"]}]}]}<\/script>\n<!-- \/ Yoast SEO plugin. -->","_links":{"self":[{"href":"https:\/\/ctahuy.be\/fr\/wp-json\/wp\/v2\/pages\/958"}],"collection":[{"href":"https:\/\/ctahuy.be\/fr\/wp-json\/wp\/v2\/pages"}],"about":[{"href":"https:\/\/ctahuy.be\/fr\/wp-json\/wp\/v2\/types\/page"}],"author":[{"embeddable":true,"href":"https:\/\/ctahuy.be\/fr\/wp-json\/wp\/v2\/users\/1"}],"replies":[{"embeddable":true,"href":"https:\/\/ctahuy.be\/fr\/wp-json\/wp\/v2\/comments?post=958"}],"version-history":[{"count":6,"href":"https:\/\/ctahuy.be\/fr\/wp-json\/wp\/v2\/pages\/958\/revisions"}],"predecessor-version":[{"id":1041,"href":"https:\/\/ctahuy.be\/fr\/wp-json\/wp\/v2\/pages\/958\/revisions\/1041"}],"up":[{"embeddable":true,"href":"https:\/\/ctahuy.be\/fr\/wp-json\/wp\/v2\/pages\/480"}],"wp:attachment":[{"href":"https:\/\/ctahuy.be\/fr\/wp-json\/wp\/v2\/media?parent=958"}],"curies":[{"name":"wp","href":"https:\/\/api.w.org\/{rel}","templated":true}]}}